{"id":1564,"date":"2020-12-01T16:56:59","date_gmt":"2020-12-01T13:56:59","guid":{"rendered":"http:\/\/www.grafas.org\/demo05\/?page_id=1564"},"modified":"2023-10-19T07:12:54","modified_gmt":"2023-10-19T07:12:54","slug":"portfolio","status":"publish","type":"page","link":"https:\/\/peltiroof.fi\/index.php\/portfolio\/","title":{"rendered":"Portfolio"},"content":{"rendered":"\t\t<div data-elementor-type=\"wp-page\" data-elementor-id=\"1564\" class=\"elementor elementor-1564\">\n\t\t\t\t\t\t\t\t\t<section class=\"elementor-section elementor-top-section elementor-element elementor-element-673110c elementor-section-boxed elementor-section-height-default elementor-section-height-default\" data-id=\"673110c\" data-element_type=\"section\" data-settings=\"{&quot;background_background&quot;:&quot;classic&quot;}\">\n\t\t\t\t\t\t\t<div class=\"elementor-background-overlay\"><\/div>\n\t\t\t\t\t\t\t<div class=\"elementor-container elementor-column-gap-default\">\n\t\t\t\t\t<div class=\"elementor-column elementor-col-50 elementor-top-column elementor-element elementor-element-3afb89c\" data-id=\"3afb89c\" data-element_type=\"column\">\n\t\t\t<div class=\"elementor-widget-wrap elementor-element-populated\">\n\t\t\t\t\t\t\t\t<div class=\"elementor-element elementor-element-b845d81 elementor-widget elementor-widget-heading\" data-id=\"b845d81\" data-element_type=\"widget\" data-widget_type=\"heading.default\">\n\t\t\t\t<div class=\"elementor-widget-container\">\n\t\t\t<style>\/*! elementor - v3.16.0 - 09-10-2023 *\/\n.elementor-heading-title{padding:0;margin:0;line-height:1}.elementor-widget-heading .elementor-heading-title[class*=elementor-size-]>a{color:inherit;font-size:inherit;line-height:inherit}.elementor-widget-heading .elementor-heading-title.elementor-size-small{font-size:15px}.elementor-widget-heading .elementor-heading-title.elementor-size-medium{font-size:19px}.elementor-widget-heading .elementor-heading-title.elementor-size-large{font-size:29px}.elementor-widget-heading .elementor-heading-title.elementor-size-xl{font-size:39px}.elementor-widget-heading .elementor-heading-title.elementor-size-xxl{font-size:59px}<\/style><h1 class=\"elementor-heading-title elementor-size-default\">Portfolio<\/h1>\t\t<\/div>\n\t\t\t\t<\/div>\n\t\t\t\t\t<\/div>\n\t\t<\/div>\n\t\t\t\t<div class=\"elementor-column elementor-col-50 elementor-top-column elementor-element elementor-element-19ff1b7\" data-id=\"19ff1b7\" data-element_type=\"column\">\n\t\t\t<div class=\"elementor-widget-wrap\">\n\t\t\t\t\t\t\t\t\t<\/div>\n\t\t<\/div>\n\t\t\t\t\t\t\t<\/div>\n\t\t<\/section>\n\t\t\t\t<section class=\"elementor-section elementor-top-section elementor-element elementor-element-e408ec9 elementor-section-boxed elementor-section-height-default elementor-section-height-default\" data-id=\"e408ec9\" data-element_type=\"section\">\n\t\t\t\t\t\t<div class=\"elementor-container elementor-column-gap-default\">\n\t\t\t\t\t<div class=\"elementor-column elementor-col-100 elementor-top-column elementor-element elementor-element-5cfeac0\" data-id=\"5cfeac0\" data-element_type=\"column\">\n\t\t\t<div class=\"elementor-widget-wrap elementor-element-populated\">\n\t\t\t\t\t\t\t\t<div class=\"elementor-element elementor-element-331d02f gallery-spacing-custom elementor-widget__width-initial elementor-widget elementor-widget-image-gallery\" data-id=\"331d02f\" data-element_type=\"widget\" data-widget_type=\"image-gallery.default\">\n\t\t\t\t<div class=\"elementor-widget-container\">\n\t\t\t<style>\/*! elementor - v3.16.0 - 09-10-2023 *\/\n.elementor-image-gallery .gallery-item{display:inline-block;text-align:center;vertical-align:top;width:100%;max-width:100%;margin:0 auto}.elementor-image-gallery .gallery-item img{margin:0 auto}.elementor-image-gallery .gallery-item .gallery-caption{margin:0}.elementor-image-gallery figure img{display:block}.elementor-image-gallery figure figcaption{width:100%}.gallery-spacing-custom .elementor-image-gallery .gallery-icon{padding:0}@media (min-width:768px){.elementor-image-gallery .gallery-columns-2 .gallery-item{max-width:50%}.elementor-image-gallery .gallery-columns-3 .gallery-item{max-width:33.33%}.elementor-image-gallery .gallery-columns-4 .gallery-item{max-width:25%}.elementor-image-gallery .gallery-columns-5 .gallery-item{max-width:20%}.elementor-image-gallery .gallery-columns-6 .gallery-item{max-width:16.666%}.elementor-image-gallery .gallery-columns-7 .gallery-item{max-width:14.28%}.elementor-image-gallery .gallery-columns-8 .gallery-item{max-width:12.5%}.elementor-image-gallery .gallery-columns-9 .gallery-item{max-width:11.11%}.elementor-image-gallery .gallery-columns-10 .gallery-item{max-width:10%}}@media (min-width:480px) and (max-width:767px){.elementor-image-gallery .gallery.gallery-columns-2 .gallery-item,.elementor-image-gallery .gallery.gallery-columns-3 .gallery-item,.elementor-image-gallery .gallery.gallery-columns-4 .gallery-item,.elementor-image-gallery .gallery.gallery-columns-5 .gallery-item,.elementor-image-gallery .gallery.gallery-columns-6 .gallery-item,.elementor-image-gallery .gallery.gallery-columns-7 .gallery-item,.elementor-image-gallery .gallery.gallery-columns-8 .gallery-item,.elementor-image-gallery .gallery.gallery-columns-9 .gallery-item,.elementor-image-gallery .gallery.gallery-columns-10 .gallery-item{max-width:50%}}@media (max-width:479px){.elementor-image-gallery .gallery.gallery-columns-2 .gallery-item,.elementor-image-gallery .gallery.gallery-columns-3 .gallery-item,.elementor-image-gallery .gallery.gallery-columns-4 .gallery-item,.elementor-image-gallery .gallery.gallery-columns-5 .gallery-item,.elementor-image-gallery .gallery.gallery-columns-6 .gallery-item,.elementor-image-gallery .gallery.gallery-columns-7 .gallery-item,.elementor-image-gallery .gallery.gallery-columns-8 .gallery-item,.elementor-image-gallery .gallery.gallery-columns-9 .gallery-item,.elementor-image-gallery .gallery.gallery-columns-10 .gallery-item{max-width:100%}}<\/style>\t\t<div class=\"elementor-image-gallery\">\n\t\t\t<div id='gallery-1' class='gallery galleryid-1564 gallery-columns-1 gallery-size-full'><figure class='gallery-item'>\n\t\t\t<div class='gallery-icon portrait'>\n\t\t\t\t<a data-elementor-open-lightbox=\"no\" href='https:\/\/peltiroof.fi\/wp-content\/uploads\/2023\/10\/raboti-18.jpg'><img loading=\"lazy\" decoding=\"async\" width=\"960\" height=\"1280\" src=\"https:\/\/peltiroof.fi\/wp-content\/uploads\/2023\/10\/raboti-18.jpg\" class=\"attachment-full size-full\" alt=\"\" srcset=\"https:\/\/peltiroof.fi\/wp-content\/uploads\/2023\/10\/raboti-18.jpg 960w, https:\/\/peltiroof.fi\/wp-content\/uploads\/2023\/10\/raboti-18-225x300.jpg 225w, https:\/\/peltiroof.fi\/wp-content\/uploads\/2023\/10\/raboti-18-768x1024.jpg 768w\" sizes=\"auto, (max-width: 960px) 100vw, 960px\" \/><\/a>\n\t\t\t<\/div><\/figure><figure class='gallery-item'>\n\t\t\t<div class='gallery-icon portrait'>\n\t\t\t\t<a data-elementor-open-lightbox=\"no\" href='https:\/\/peltiroof.fi\/wp-content\/uploads\/2023\/10\/raboti-19.jpg'><img loading=\"lazy\" decoding=\"async\" width=\"960\" height=\"1280\" src=\"https:\/\/peltiroof.fi\/wp-content\/uploads\/2023\/10\/raboti-19.jpg\" class=\"attachment-full size-full\" alt=\"\" srcset=\"https:\/\/peltiroof.fi\/wp-content\/uploads\/2023\/10\/raboti-19.jpg 960w, https:\/\/peltiroof.fi\/wp-content\/uploads\/2023\/10\/raboti-19-225x300.jpg 225w, https:\/\/peltiroof.fi\/wp-content\/uploads\/2023\/10\/raboti-19-768x1024.jpg 768w\" sizes=\"auto, (max-width: 960px) 100vw, 960px\" \/><\/a>\n\t\t\t<\/div><\/figure><figure class='gallery-item'>\n\t\t\t<div class='gallery-icon landscape'>\n\t\t\t\t<a data-elementor-open-lightbox=\"no\" href='https:\/\/peltiroof.fi\/wp-content\/uploads\/2023\/10\/raboti-2-e1697398562780.jpg'><img loading=\"lazy\" decoding=\"async\" width=\"1280\" height=\"900\" src=\"https:\/\/peltiroof.fi\/wp-content\/uploads\/2023\/10\/raboti-2-e1697398562780.jpg\" class=\"attachment-full size-full\" alt=\"\" srcset=\"https:\/\/peltiroof.fi\/wp-content\/uploads\/2023\/10\/raboti-2-e1697398562780.jpg 1280w, https:\/\/peltiroof.fi\/wp-content\/uploads\/2023\/10\/raboti-2-e1697398562780-300x211.jpg 300w, https:\/\/peltiroof.fi\/wp-content\/uploads\/2023\/10\/raboti-2-e1697398562780-1024x720.jpg 1024w, https:\/\/peltiroof.fi\/wp-content\/uploads\/2023\/10\/raboti-2-e1697398562780-768x540.jpg 768w\" sizes=\"auto, (max-width: 1280px) 100vw, 1280px\" \/><\/a>\n\t\t\t<\/div><\/figure><figure class='gallery-item'>\n\t\t\t<div class='gallery-icon landscape'>\n\t\t\t\t<a data-elementor-open-lightbox=\"no\" href='https:\/\/peltiroof.fi\/wp-content\/uploads\/2023\/10\/raboti-1-e1697398537634.jpg'><img loading=\"lazy\" decoding=\"async\" width=\"1280\" height=\"908\" src=\"https:\/\/peltiroof.fi\/wp-content\/uploads\/2023\/10\/raboti-1-e1697398537634.jpg\" class=\"attachment-full size-full\" alt=\"\" srcset=\"https:\/\/peltiroof.fi\/wp-content\/uploads\/2023\/10\/raboti-1-e1697398537634.jpg 1280w, https:\/\/peltiroof.fi\/wp-content\/uploads\/2023\/10\/raboti-1-e1697398537634-300x213.jpg 300w, https:\/\/peltiroof.fi\/wp-content\/uploads\/2023\/10\/raboti-1-e1697398537634-1024x726.jpg 1024w, https:\/\/peltiroof.fi\/wp-content\/uploads\/2023\/10\/raboti-1-e1697398537634-768x545.jpg 768w\" sizes=\"auto, (max-width: 1280px) 100vw, 1280px\" \/><\/a>\n\t\t\t<\/div><\/figure><figure class='gallery-item'>\n\t\t\t<div class='gallery-icon landscape'>\n\t\t\t\t<a data-elementor-open-lightbox=\"no\" href='https:\/\/peltiroof.fi\/wp-content\/uploads\/2023\/10\/raboti-17.jpg'><img loading=\"lazy\" decoding=\"async\" width=\"1280\" height=\"960\" src=\"https:\/\/peltiroof.fi\/wp-content\/uploads\/2023\/10\/raboti-17.jpg\" class=\"attachment-full size-full\" alt=\"\" srcset=\"https:\/\/peltiroof.fi\/wp-content\/uploads\/2023\/10\/raboti-17.jpg 1280w, https:\/\/peltiroof.fi\/wp-content\/uploads\/2023\/10\/raboti-17-300x225.jpg 300w, https:\/\/peltiroof.fi\/wp-content\/uploads\/2023\/10\/raboti-17-1024x768.jpg 1024w, https:\/\/peltiroof.fi\/wp-content\/uploads\/2023\/10\/raboti-17-768x576.jpg 768w\" sizes=\"auto, (max-width: 1280px) 100vw, 1280px\" \/><\/a>\n\t\t\t<\/div><\/figure><figure class='gallery-item'>\n\t\t\t<div class='gallery-icon landscape'>\n\t\t\t\t<a data-elementor-open-lightbox=\"no\" href='https:\/\/peltiroof.fi\/wp-content\/uploads\/2023\/10\/raboti-16.jpg'><img loading=\"lazy\" decoding=\"async\" width=\"1280\" height=\"960\" src=\"https:\/\/peltiroof.fi\/wp-content\/uploads\/2023\/10\/raboti-16.jpg\" class=\"attachment-full size-full\" alt=\"\" srcset=\"https:\/\/peltiroof.fi\/wp-content\/uploads\/2023\/10\/raboti-16.jpg 1280w, https:\/\/peltiroof.fi\/wp-content\/uploads\/2023\/10\/raboti-16-300x225.jpg 300w, https:\/\/peltiroof.fi\/wp-content\/uploads\/2023\/10\/raboti-16-1024x768.jpg 1024w, https:\/\/peltiroof.fi\/wp-content\/uploads\/2023\/10\/raboti-16-768x576.jpg 768w\" sizes=\"auto, (max-width: 1280px) 100vw, 1280px\" \/><\/a>\n\t\t\t<\/div><\/figure><figure class='gallery-item'>\n\t\t\t<div class='gallery-icon portrait'>\n\t\t\t\t<a data-elementor-open-lightbox=\"no\" href='https:\/\/peltiroof.fi\/wp-content\/uploads\/2023\/10\/Kaivohuone-top.jpg'><img loading=\"lazy\" decoding=\"async\" width=\"1512\" height=\"1896\" src=\"https:\/\/peltiroof.fi\/wp-content\/uploads\/2023\/10\/Kaivohuone-top.jpg\" class=\"attachment-full size-full\" alt=\"\" srcset=\"https:\/\/peltiroof.fi\/wp-content\/uploads\/2023\/10\/Kaivohuone-top.jpg 1512w, https:\/\/peltiroof.fi\/wp-content\/uploads\/2023\/10\/Kaivohuone-top-239x300.jpg 239w, https:\/\/peltiroof.fi\/wp-content\/uploads\/2023\/10\/Kaivohuone-top-817x1024.jpg 817w, https:\/\/peltiroof.fi\/wp-content\/uploads\/2023\/10\/Kaivohuone-top-768x963.jpg 768w, https:\/\/peltiroof.fi\/wp-content\/uploads\/2023\/10\/Kaivohuone-top-1225x1536.jpg 1225w\" sizes=\"auto, (max-width: 1512px) 100vw, 1512px\" \/><\/a>\n\t\t\t<\/div><\/figure><figure class='gallery-item'>\n\t\t\t<div class='gallery-icon landscape'>\n\t\t\t\t<a data-elementor-open-lightbox=\"no\" href='https:\/\/peltiroof.fi\/wp-content\/uploads\/2023\/10\/kaivohuone-1.jpg'><img loading=\"lazy\" decoding=\"async\" width=\"1080\" height=\"486\" src=\"https:\/\/peltiroof.fi\/wp-content\/uploads\/2023\/10\/kaivohuone-1.jpg\" class=\"attachment-full size-full\" alt=\"\" srcset=\"https:\/\/peltiroof.fi\/wp-content\/uploads\/2023\/10\/kaivohuone-1.jpg 1080w, https:\/\/peltiroof.fi\/wp-content\/uploads\/2023\/10\/kaivohuone-1-300x135.jpg 300w, https:\/\/peltiroof.fi\/wp-content\/uploads\/2023\/10\/kaivohuone-1-1024x461.jpg 1024w, https:\/\/peltiroof.fi\/wp-content\/uploads\/2023\/10\/kaivohuone-1-768x346.jpg 768w\" sizes=\"auto, (max-width: 1080px) 100vw, 1080px\" \/><\/a>\n\t\t\t<\/div><\/figure><figure class='gallery-item'>\n\t\t\t<div class='gallery-icon landscape'>\n\t\t\t\t<a data-elementor-open-lightbox=\"no\" href='https:\/\/peltiroof.fi\/wp-content\/uploads\/2023\/10\/rabto-i15.jpg'><img loading=\"lazy\" decoding=\"async\" width=\"1280\" height=\"1280\" src=\"https:\/\/peltiroof.fi\/wp-content\/uploads\/2023\/10\/rabto-i15.jpg\" class=\"attachment-full size-full\" alt=\"\" srcset=\"https:\/\/peltiroof.fi\/wp-content\/uploads\/2023\/10\/rabto-i15.jpg 1280w, https:\/\/peltiroof.fi\/wp-content\/uploads\/2023\/10\/rabto-i15-300x300.jpg 300w, https:\/\/peltiroof.fi\/wp-content\/uploads\/2023\/10\/rabto-i15-1024x1024.jpg 1024w, https:\/\/peltiroof.fi\/wp-content\/uploads\/2023\/10\/rabto-i15-150x150.jpg 150w, https:\/\/peltiroof.fi\/wp-content\/uploads\/2023\/10\/rabto-i15-768x768.jpg 768w\" sizes=\"auto, (max-width: 1280px) 100vw, 1280px\" \/><\/a>\n\t\t\t<\/div><\/figure><figure class='gallery-item'>\n\t\t\t<div class='gallery-icon landscape'>\n\t\t\t\t<a data-elementor-open-lightbox=\"no\" href='https:\/\/peltiroof.fi\/wp-content\/uploads\/2023\/10\/kaivohuone-3-e1697398432981.jpg'><img loading=\"lazy\" decoding=\"async\" width=\"1510\" height=\"966\" src=\"https:\/\/peltiroof.fi\/wp-content\/uploads\/2023\/10\/kaivohuone-3-e1697398432981.jpg\" class=\"attachment-full size-full\" alt=\"\" srcset=\"https:\/\/peltiroof.fi\/wp-content\/uploads\/2023\/10\/kaivohuone-3-e1697398432981.jpg 1510w, https:\/\/peltiroof.fi\/wp-content\/uploads\/2023\/10\/kaivohuone-3-e1697398432981-300x192.jpg 300w, https:\/\/peltiroof.fi\/wp-content\/uploads\/2023\/10\/kaivohuone-3-e1697398432981-1024x655.jpg 1024w, https:\/\/peltiroof.fi\/wp-content\/uploads\/2023\/10\/kaivohuone-3-e1697398432981-768x491.jpg 768w\" sizes=\"auto, (max-width: 1510px) 100vw, 1510px\" \/><\/a>\n\t\t\t<\/div><\/figure><figure class='gallery-item'>\n\t\t\t<div class='gallery-icon landscape'>\n\t\t\t\t<a data-elementor-open-lightbox=\"no\" href='https:\/\/peltiroof.fi\/wp-content\/uploads\/2023\/10\/raboti-13.jpg'><img loading=\"lazy\" decoding=\"async\" width=\"1280\" height=\"960\" src=\"https:\/\/peltiroof.fi\/wp-content\/uploads\/2023\/10\/raboti-13.jpg\" class=\"attachment-full size-full\" alt=\"\" srcset=\"https:\/\/peltiroof.fi\/wp-content\/uploads\/2023\/10\/raboti-13.jpg 1280w, https:\/\/peltiroof.fi\/wp-content\/uploads\/2023\/10\/raboti-13-300x225.jpg 300w, https:\/\/peltiroof.fi\/wp-content\/uploads\/2023\/10\/raboti-13-1024x768.jpg 1024w, https:\/\/peltiroof.fi\/wp-content\/uploads\/2023\/10\/raboti-13-768x576.jpg 768w\" sizes=\"auto, (max-width: 1280px) 100vw, 1280px\" \/><\/a>\n\t\t\t<\/div><\/figure><figure class='gallery-item'>\n\t\t\t<div class='gallery-icon landscape'>\n\t\t\t\t<a data-elementor-open-lightbox=\"no\" href='https:\/\/peltiroof.fi\/wp-content\/uploads\/2023\/10\/raboti-12.jpg'><img loading=\"lazy\" decoding=\"async\" width=\"1280\" height=\"558\" src=\"https:\/\/peltiroof.fi\/wp-content\/uploads\/2023\/10\/raboti-12.jpg\" class=\"attachment-full size-full\" alt=\"\" srcset=\"https:\/\/peltiroof.fi\/wp-content\/uploads\/2023\/10\/raboti-12.jpg 1280w, https:\/\/peltiroof.fi\/wp-content\/uploads\/2023\/10\/raboti-12-300x131.jpg 300w, https:\/\/peltiroof.fi\/wp-content\/uploads\/2023\/10\/raboti-12-1024x446.jpg 1024w, https:\/\/peltiroof.fi\/wp-content\/uploads\/2023\/10\/raboti-12-768x335.jpg 768w\" sizes=\"auto, (max-width: 1280px) 100vw, 1280px\" \/><\/a>\n\t\t\t<\/div><\/figure><figure class='gallery-item'>\n\t\t\t<div class='gallery-icon landscape'>\n\t\t\t\t<a data-elementor-open-lightbox=\"no\" href='https:\/\/peltiroof.fi\/wp-content\/uploads\/2023\/10\/raboti-9.jpg'><img loading=\"lazy\" decoding=\"async\" width=\"1280\" height=\"740\" src=\"https:\/\/peltiroof.fi\/wp-content\/uploads\/2023\/10\/raboti-9.jpg\" class=\"attachment-full size-full\" alt=\"\" srcset=\"https:\/\/peltiroof.fi\/wp-content\/uploads\/2023\/10\/raboti-9.jpg 1280w, https:\/\/peltiroof.fi\/wp-content\/uploads\/2023\/10\/raboti-9-300x173.jpg 300w, https:\/\/peltiroof.fi\/wp-content\/uploads\/2023\/10\/raboti-9-1024x592.jpg 1024w, https:\/\/peltiroof.fi\/wp-content\/uploads\/2023\/10\/raboti-9-768x444.jpg 768w\" sizes=\"auto, (max-width: 1280px) 100vw, 1280px\" \/><\/a>\n\t\t\t<\/div><\/figure><figure class='gallery-item'>\n\t\t\t<div class='gallery-icon landscape'>\n\t\t\t\t<a data-elementor-open-lightbox=\"no\" href='https:\/\/peltiroof.fi\/wp-content\/uploads\/2023\/10\/raboti-10.jpg'><img loading=\"lazy\" decoding=\"async\" width=\"1280\" height=\"823\" src=\"https:\/\/peltiroof.fi\/wp-content\/uploads\/2023\/10\/raboti-10.jpg\" class=\"attachment-full size-full\" alt=\"\" srcset=\"https:\/\/peltiroof.fi\/wp-content\/uploads\/2023\/10\/raboti-10.jpg 1280w, https:\/\/peltiroof.fi\/wp-content\/uploads\/2023\/10\/raboti-10-300x193.jpg 300w, https:\/\/peltiroof.fi\/wp-content\/uploads\/2023\/10\/raboti-10-1024x658.jpg 1024w, https:\/\/peltiroof.fi\/wp-content\/uploads\/2023\/10\/raboti-10-768x494.jpg 768w\" sizes=\"auto, (max-width: 1280px) 100vw, 1280px\" \/><\/a>\n\t\t\t<\/div><\/figure><figure class='gallery-item'>\n\t\t\t<div class='gallery-icon portrait'>\n\t\t\t\t<a data-elementor-open-lightbox=\"no\" href='https:\/\/peltiroof.fi\/wp-content\/uploads\/2023\/10\/raboti-14.jpg'><img loading=\"lazy\" decoding=\"async\" width=\"960\" height=\"1280\" src=\"https:\/\/peltiroof.fi\/wp-content\/uploads\/2023\/10\/raboti-14.jpg\" class=\"attachment-full size-full\" alt=\"\" srcset=\"https:\/\/peltiroof.fi\/wp-content\/uploads\/2023\/10\/raboti-14.jpg 960w, https:\/\/peltiroof.fi\/wp-content\/uploads\/2023\/10\/raboti-14-225x300.jpg 225w, https:\/\/peltiroof.fi\/wp-content\/uploads\/2023\/10\/raboti-14-768x1024.jpg 768w\" sizes=\"auto, (max-width: 960px) 100vw, 960px\" \/><\/a>\n\t\t\t<\/div><\/figure><figure class='gallery-item'>\n\t\t\t<div class='gallery-icon landscape'>\n\t\t\t\t<a data-elementor-open-lightbox=\"no\" href='https:\/\/peltiroof.fi\/wp-content\/uploads\/2023\/10\/raboti-3.jpg'><img loading=\"lazy\" decoding=\"async\" width=\"1280\" height=\"720\" src=\"https:\/\/peltiroof.fi\/wp-content\/uploads\/2023\/10\/raboti-3.jpg\" class=\"attachment-full size-full\" alt=\"\" srcset=\"https:\/\/peltiroof.fi\/wp-content\/uploads\/2023\/10\/raboti-3.jpg 1280w, https:\/\/peltiroof.fi\/wp-content\/uploads\/2023\/10\/raboti-3-300x169.jpg 300w, https:\/\/peltiroof.fi\/wp-content\/uploads\/2023\/10\/raboti-3-1024x576.jpg 1024w, https:\/\/peltiroof.fi\/wp-content\/uploads\/2023\/10\/raboti-3-768x432.jpg 768w\" sizes=\"auto, (max-width: 1280px) 100vw, 1280px\" \/><\/a>\n\t\t\t<\/div><\/figure><figure class='gallery-item'>\n\t\t\t<div class='gallery-icon landscape'>\n\t\t\t\t<a data-elementor-open-lightbox=\"no\" href='https:\/\/peltiroof.fi\/wp-content\/uploads\/2023\/10\/raboti-5.jpg'><img loading=\"lazy\" decoding=\"async\" width=\"1280\" height=\"720\" src=\"https:\/\/peltiroof.fi\/wp-content\/uploads\/2023\/10\/raboti-5.jpg\" class=\"attachment-full size-full\" alt=\"\" srcset=\"https:\/\/peltiroof.fi\/wp-content\/uploads\/2023\/10\/raboti-5.jpg 1280w, https:\/\/peltiroof.fi\/wp-content\/uploads\/2023\/10\/raboti-5-300x169.jpg 300w, https:\/\/peltiroof.fi\/wp-content\/uploads\/2023\/10\/raboti-5-1024x576.jpg 1024w, https:\/\/peltiroof.fi\/wp-content\/uploads\/2023\/10\/raboti-5-768x432.jpg 768w\" sizes=\"auto, (max-width: 1280px) 100vw, 1280px\" \/><\/a>\n\t\t\t<\/div><\/figure><figure class='gallery-item'>\n\t\t\t<div class='gallery-icon landscape'>\n\t\t\t\t<a data-elementor-open-lightbox=\"no\" href='https:\/\/peltiroof.fi\/wp-content\/uploads\/2023\/10\/raboti-4.jpg'><img loading=\"lazy\" decoding=\"async\" width=\"1280\" height=\"720\" src=\"https:\/\/peltiroof.fi\/wp-content\/uploads\/2023\/10\/raboti-4.jpg\" class=\"attachment-full size-full\" alt=\"\" srcset=\"https:\/\/peltiroof.fi\/wp-content\/uploads\/2023\/10\/raboti-4.jpg 1280w, https:\/\/peltiroof.fi\/wp-content\/uploads\/2023\/10\/raboti-4-300x169.jpg 300w, https:\/\/peltiroof.fi\/wp-content\/uploads\/2023\/10\/raboti-4-1024x576.jpg 1024w, https:\/\/peltiroof.fi\/wp-content\/uploads\/2023\/10\/raboti-4-768x432.jpg 768w\" sizes=\"auto, (max-width: 1280px) 100vw, 1280px\" \/><\/a>\n\t\t\t<\/div><\/figure><figure class='gallery-item'>\n\t\t\t<div class='gallery-icon landscape'>\n\t\t\t\t<a data-elementor-open-lightbox=\"no\" href='https:\/\/peltiroof.fi\/wp-content\/uploads\/2023\/10\/raboti-6.jpg'><img loading=\"lazy\" decoding=\"async\" width=\"1280\" height=\"720\" src=\"https:\/\/peltiroof.fi\/wp-content\/uploads\/2023\/10\/raboti-6.jpg\" class=\"attachment-full size-full\" alt=\"\" srcset=\"https:\/\/peltiroof.fi\/wp-content\/uploads\/2023\/10\/raboti-6.jpg 1280w, https:\/\/peltiroof.fi\/wp-content\/uploads\/2023\/10\/raboti-6-300x169.jpg 300w, https:\/\/peltiroof.fi\/wp-content\/uploads\/2023\/10\/raboti-6-1024x576.jpg 1024w, https:\/\/peltiroof.fi\/wp-content\/uploads\/2023\/10\/raboti-6-768x432.jpg 768w\" sizes=\"auto, (max-width: 1280px) 100vw, 1280px\" \/><\/a>\n\t\t\t<\/div><\/figure><figure class='gallery-item'>\n\t\t\t<div class='gallery-icon portrait'>\n\t\t\t\t<a data-elementor-open-lightbox=\"no\" href='https:\/\/peltiroof.fi\/wp-content\/uploads\/2023\/10\/raboti-7.jpg'><img loading=\"lazy\" decoding=\"async\" width=\"1020\" height=\"1280\" src=\"https:\/\/peltiroof.fi\/wp-content\/uploads\/2023\/10\/raboti-7.jpg\" class=\"attachment-full size-full\" alt=\"\" srcset=\"https:\/\/peltiroof.fi\/wp-content\/uploads\/2023\/10\/raboti-7.jpg 1020w, https:\/\/peltiroof.fi\/wp-content\/uploads\/2023\/10\/raboti-7-239x300.jpg 239w, https:\/\/peltiroof.fi\/wp-content\/uploads\/2023\/10\/raboti-7-816x1024.jpg 816w, https:\/\/peltiroof.fi\/wp-content\/uploads\/2023\/10\/raboti-7-768x964.jpg 768w\" sizes=\"auto, (max-width: 1020px) 100vw, 1020px\" \/><\/a>\n\t\t\t<\/div><\/figure>\n\t\t<\/div>\n\t\t<\/div>\n\t\t\t\t<\/div>\n\t\t\t\t<\/div>\n\t\t\t\t\t<\/div>\n\t\t<\/div>\n\t\t\t\t\t\t\t<\/div>\n\t\t<\/section>\n\t\t\t\t<section class=\"elementor-section elementor-top-section elementor-element elementor-element-7b1c6278 elementor-section-boxed elementor-section-height-default elementor-section-height-default\" data-id=\"7b1c6278\" data-element_type=\"section\" data-settings=\"{&quot;background_background&quot;:&quot;classic&quot;}\">\n\t\t\t\t\t\t\t<div class=\"elementor-background-overlay\"><\/div>\n\t\t\t\t\t\t\t<div class=\"elementor-container elementor-column-gap-default\">\n\t\t\t\t\t<div class=\"elementor-column elementor-col-100 elementor-top-column elementor-element elementor-element-568f9e98\" data-id=\"568f9e98\" data-element_type=\"column\">\n\t\t\t<div class=\"elementor-widget-wrap elementor-element-populated\">\n\t\t\t\t\t\t\t\t<div class=\"elementor-element elementor-element-3c80f61d elementor-widget elementor-widget-heading\" data-id=\"3c80f61d\" data-element_type=\"widget\" data-widget_type=\"heading.default\">\n\t\t\t\t<div class=\"elementor-widget-container\">\n\t\t\t<h2 class=\"elementor-heading-title elementor-size-default\">L\u00f6ydet\u00e4\u00e4n sinulle sopiva ratkaisu<\/h2>\t\t<\/div>\n\t\t\t\t<\/div>\n\t\t\t\t<div class=\"elementor-element elementor-element-3cc96973 elementor-align-center elementor-widget elementor-widget-button\" data-id=\"3cc96973\" data-element_type=\"widget\" data-widget_type=\"button.default\">\n\t\t\t\t<div class=\"elementor-widget-container\">\n\t\t\t\t\t<div class=\"elementor-button-wrapper\">\n\t\t\t<a class=\"elementor-button elementor-button-link elementor-size-md\" href=\"https:\/\/peltiroof.fi\/index.php\/otayhteytta\/\">\n\t\t\t\t\t\t<span class=\"elementor-button-content-wrapper\">\n\t\t\t\t\t\t<span class=\"elementor-button-text\">Ota Yhteytt\u00e4<\/span>\n\t\t<\/span>\n\t\t\t\t\t<\/a>\n\t\t<\/div>\n\t\t\t\t<\/div>\n\t\t\t\t<\/div>\n\t\t\t\t\t<\/div>\n\t\t<\/div>\n\t\t\t\t\t\t\t<\/div>\n\t\t<\/section>\n\t\t\t\t\t\t\t<\/div>\n\t\t","protected":false},"excerpt":{"rendered":"<p>Portfolio L\u00f6ydet\u00e4\u00e4n sinulle sopiva ratkaisu Ota Yhteytt\u00e4<\/p>\n","protected":false},"author":1,"featured_media":0,"parent":0,"menu_order":0,"comment_status":"closed","ping_status":"closed","template":"","meta":{"_kad_post_transparent":"","_kad_post_title":"hide","_kad_post_layout":"fullwidth","_kad_post_sidebar_id":"","_kad_post_content_style":"unboxed","_kad_post_vertical_padding":"hide","_kad_post_feature":"hide","_kad_post_feature_position":"","_kad_post_header":false,"_kad_post_footer":false,"footnotes":""},"class_list":["post-1564","page","type-page","status-publish","hentry"],"_links":{"self":[{"href":"https:\/\/peltiroof.fi\/index.php\/wp-json\/wp\/v2\/pages\/1564","targetHints":{"allow":["GET"]}}],"collection":[{"href":"https:\/\/peltiroof.fi\/index.php\/wp-json\/wp\/v2\/pages"}],"about":[{"href":"https:\/\/peltiroof.fi\/index.php\/wp-json\/wp\/v2\/types\/page"}],"author":[{"embeddable":true,"href":"https:\/\/peltiroof.fi\/index.php\/wp-json\/wp\/v2\/users\/1"}],"replies":[{"embeddable":true,"href":"https:\/\/peltiroof.fi\/index.php\/wp-json\/wp\/v2\/comments?post=1564"}],"version-history":[{"count":13,"href":"https:\/\/peltiroof.fi\/index.php\/wp-json\/wp\/v2\/pages\/1564\/revisions"}],"predecessor-version":[{"id":2275,"href":"https:\/\/peltiroof.fi\/index.php\/wp-json\/wp\/v2\/pages\/1564\/revisions\/2275"}],"wp:attachment":[{"href":"https:\/\/peltiroof.fi\/index.php\/wp-json\/wp\/v2\/media?parent=1564"}],"curies":[{"name":"wp","href":"https:\/\/api.w.org\/{rel}","templated":true}]}}